{"id":14,"date":"2023-12-29T17:06:29","date_gmt":"2023-12-29T17:06:29","guid":{"rendered":"https:\/\/web4.rkinformatika.net\/instalecnorte\/?page_id=14"},"modified":"2024-01-10T16:52:16","modified_gmt":"2024-01-10T16:52:16","slug":"mantenimientos","status":"publish","type":"page","link":"https:\/\/instalecnorte.com\/eus\/mantenimientos\/","title":{"rendered":"Mantentze-lanak"},"content":{"rendered":"<div data-elementor-type=\"wp-page\" data-elementor-id=\"14\" class=\"elementor elementor-14\" data-elementor-post-type=\"page\">\n\t\t\t\t\t\t<section class=\"elementor-section elementor-top-section elementor-element elementor-element-5290217 elementor-section-boxed elementor-section-height-default elementor-section-height-default\" data-id=\"5290217\" data-element_type=\"section\" data-e-type=\"section\" data-settings=\"{&quot;background_background&quot;:&quot;classic&quot;}\">\n\t\t\t\t\t\t\t<div class=\"elementor-background-overlay\"><\/div>\n\t\t\t\t\t\t\t<div class=\"elementor-container elementor-column-gap-default\">\n\t\t\t\t\t<div class=\"elementor-column elementor-col-100 elementor-top-column elementor-element elementor-element-e5218e3\" data-id=\"e5218e3\" data-element_type=\"column\" data-e-type=\"column\">\n\t\t\t<div class=\"elementor-widget-wrap elementor-element-populated\">\n\t\t\t\t\t\t<div class=\"elementor-element elementor-element-2fcc773 elementor-widget elementor-widget-heading\" data-id=\"2fcc773\" data-element_type=\"widget\" data-e-type=\"widget\" data-widget_type=\"heading.default\">\n\t\t\t\t<div class=\"elementor-widget-container\">\n\t\t\t\t\t<h2 class=\"elementor-heading-title elementor-size-default\">MANTENIMIENTOS<\/h2>\t\t\t\t<\/div>\n\t\t\t\t<\/div>\n\t\t\t\t<div class=\"elementor-element elementor-element-29e56af elementor-widget elementor-widget-text-editor\" data-id=\"29e56af\" data-element_type=\"widget\" data-e-type=\"widget\" data-widget_type=\"text-editor.default\">\n\t\t\t\t<div class=\"elementor-widget-container\">\n\t\t\t\t\t\t\t\t\t<p><b>NOS ASEGURAMOS DE QUE TODO FUNCIONE, ESCOGE EL MANTENIMIENTO QUE M\u00c1S SE AJUSTE A TUS NECESIDADES<\/b><\/p>\t\t\t\t\t\t\t\t<\/div>\n\t\t\t\t<\/div>\n\t\t\t\t\t<\/div>\n\t\t<\/div>\n\t\t\t\t\t<\/div>\n\t\t<\/section>\n\t\t<div class=\"elementor-element elementor-element-dbed60a e-flex e-con-boxed e-con e-parent\" data-id=\"dbed60a\" data-element_type=\"container\" data-e-type=\"container\">\n\t\t\t\t\t<div class=\"e-con-inner\">\n\t\t<div class=\"elementor-element elementor-element-edafdb5 e-con-full e-flex e-con e-child\" data-id=\"edafdb5\" data-element_type=\"container\" data-e-type=\"container\">\n\t\t\t\t<div class=\"elementor-element elementor-element-8f2ef46 elementor-widget elementor-widget-heading\" data-id=\"8f2ef46\" data-element_type=\"widget\" data-e-type=\"widget\" data-widget_type=\"heading.default\">\n\t\t\t\t<div class=\"elementor-widget-container\">\n\t\t\t\t\t<h2 class=\"elementor-heading-title elementor-size-default\">Mantenimientos preventivos<\/h2>\t\t\t\t<\/div>\n\t\t\t\t<\/div>\n\t\t\t\t<div class=\"elementor-element elementor-element-45cec13 elementor-widget elementor-widget-text-editor\" data-id=\"45cec13\" data-element_type=\"widget\" data-e-type=\"widget\" data-widget_type=\"text-editor.default\">\n\t\t\t\t<div class=\"elementor-widget-container\">\n\t\t\t\t\t\t\t\t\t<p>Integramos en nuestra rutina semanal, quincenal o mensual la monitorizaci\u00f3n, el seguimiento y las labores de correcci\u00f3n y reparaci\u00f3n necesarias en las instalaciones de nuestros clientes. Establecemos el umbral de atenci\u00f3n y disponibilidad en base a cada contrato.<\/p><p><strong>\u00bfQue realizamos en mantenimiento preventivo? <\/strong><\/p><p>Inspecciones, limpiar equipos, piezas y espacios de trabajo, sustituir elementos rotos o desgastados y repararlos si es necesario<\/p>\t\t\t\t\t\t\t\t<\/div>\n\t\t\t\t<\/div>\n\t\t\t\t<\/div>\n\t\t<div class=\"elementor-element elementor-element-5f2668d e-con-full e-flex e-con e-child\" data-id=\"5f2668d\" data-element_type=\"container\" data-e-type=\"container\">\n\t\t\t\t<div class=\"elementor-element elementor-element-90e7c40 elementor-widget elementor-widget-heading\" data-id=\"90e7c40\" data-element_type=\"widget\" data-e-type=\"widget\" data-widget_type=\"heading.default\">\n\t\t\t\t<div class=\"elementor-widget-container\">\n\t\t\t\t\t<h2 class=\"elementor-heading-title elementor-size-default\">Mantenimientos correctivos<\/h2>\t\t\t\t<\/div>\n\t\t\t\t<\/div>\n\t\t\t\t<div class=\"elementor-element elementor-element-fad26c7 elementor-widget elementor-widget-text-editor\" data-id=\"fad26c7\" data-element_type=\"widget\" data-e-type=\"widget\" data-widget_type=\"text-editor.default\">\n\t\t\t\t<div class=\"elementor-widget-container\">\n\t\t\t\t\t\t\t\t\t<p>Fijamos paquetes de horas o servicios con el cliente y actuamos seg\u00fan necesidades puntuales. 24\/7 los 365 d\u00edas del a\u00f1o.\u00a0<\/p><p>Hay\u00a0<b>dos<\/b> formas diferentes de mantenimiento correctivo:<\/p><p>1.- Planificado:<\/p><ul class=\"i8Z77e\"><li class=\"TrT0Xe\">Programado: al presentarse la aver\u00eda, se\u00a0<b>planifica<\/b>\u00a0su reparaci\u00f3n con el fin de no alterar el proceso de producci\u00f3n. Se contempla la informaci\u00f3n de la aver\u00eda y si su correcci\u00f3n afecta a la producci\u00f3n.<\/li><\/ul><p>2.- No planificado:\u00a0<\/p><ul><li class=\"TrT0Xe\">No programado: la aver\u00eda afecta directamente a la producci\u00f3n.<\/li><\/ul>\t\t\t\t\t\t\t\t<\/div>\n\t\t\t\t<\/div>\n\t\t\t\t<\/div>\n\t\t\t\t\t<\/div>\n\t\t\t\t<\/div>\n\t\t<div class=\"elementor-element elementor-element-80335d5 e-flex e-con-boxed e-con e-parent\" data-id=\"80335d5\" data-element_type=\"container\" data-e-type=\"container\">\n\t\t\t\t\t<div class=\"e-con-inner\">\n\t\t\t\t<div class=\"elementor-element elementor-element-23c2422 elementor-widget elementor-widget-image\" data-id=\"23c2422\" data-element_type=\"widget\" data-e-type=\"widget\" data-widget_type=\"image.default\">\n\t\t\t\t<div class=\"elementor-widget-container\">\n\t\t\t\t\t\t\t\t\t\t\t\t\t\t\t<img fetchpriority=\"high\" decoding=\"async\" width=\"768\" height=\"461\" src=\"https:\/\/instalecnorte.com\/wp-content\/uploads\/2024\/01\/ventajas-mantenimiento-preventivo-pampols_-e1704198682951-768x461.png\" class=\"attachment-medium_large size-medium_large wp-image-491\" alt=\"\" srcset=\"https:\/\/instalecnorte.com\/wp-content\/uploads\/2024\/01\/ventajas-mantenimiento-preventivo-pampols_-e1704198682951-768x461.png 768w, https:\/\/instalecnorte.com\/wp-content\/uploads\/2024\/01\/ventajas-mantenimiento-preventivo-pampols_-e1704198682951-300x180.png 300w, https:\/\/instalecnorte.com\/wp-content\/uploads\/2024\/01\/ventajas-mantenimiento-preventivo-pampols_-e1704198682951-1024x614.png 1024w, https:\/\/instalecnorte.com\/wp-content\/uploads\/2024\/01\/ventajas-mantenimiento-preventivo-pampols_-e1704198682951-1536x922.png 1536w, https:\/\/instalecnorte.com\/wp-content\/uploads\/2024\/01\/ventajas-mantenimiento-preventivo-pampols_-e1704198682951-18x12.png 18w, https:\/\/instalecnorte.com\/wp-content\/uploads\/2024\/01\/ventajas-mantenimiento-preventivo-pampols_-e1704198682951.png 2000w\" sizes=\"(max-width: 768px) 100vw, 768px\" \/>\t\t\t\t\t\t\t\t\t\t\t\t\t\t\t<\/div>\n\t\t\t\t<\/div>\n\t\t\t\t\t<\/div>\n\t\t\t\t<\/div>\n\t\t\t\t<\/div>","protected":false},"excerpt":{"rendered":"<p>MANTENIMIENTOS NOS ASEGURAMOS DE QUE TODO FUNCIONE, ESCOGE EL MANTENIMIENTO QUE M\u00c1S SE AJUSTE A TUS NECESIDADES Mantenimientos preventivos Integramos en nuestra rutina semanal, quincenal o mensual la monitorizaci\u00f3n, el seguimiento y las labores de correcci\u00f3n y reparaci\u00f3n necesarias en las instalaciones de nuestros clientes. Establecemos el umbral de atenci\u00f3n y disponibilidad en base a [&hellip;]<\/p>\n","protected":false},"author":1,"featured_media":0,"parent":0,"menu_order":0,"comment_status":"closed","ping_status":"closed","template":"elementor_canvas","meta":{"footnotes":""},"class_list":["post-14","page","type-page","status-publish","hentry"],"yoast_head":"<!-- This site is optimized with the Yoast SEO plugin v27.5 - https:\/\/yoast.com\/product\/yoast-seo-wordpress\/ -->\n<title>Mantenimientos - Instalec Norte S.L<\/title>\n<meta name=\"robots\" content=\"index, follow, max-snippet:-1, max-image-preview:large, max-video-preview:-1\" \/>\n<link rel=\"canonical\" href=\"https:\/\/instalecnorte.com\/eus\/mantenimientos\/\" \/>\n<meta property=\"og:locale\" content=\"en_US\" \/>\n<meta property=\"og:type\" content=\"article\" \/>\n<meta property=\"og:title\" content=\"Mantenimientos - Instalec Norte S.L\" \/>\n<meta property=\"og:description\" content=\"MANTENIMIENTOS NOS ASEGURAMOS DE QUE TODO FUNCIONE, ESCOGE EL MANTENIMIENTO QUE M\u00c1S SE AJUSTE A TUS NECESIDADES Mantenimientos preventivos Integramos en nuestra rutina semanal, quincenal o mensual la monitorizaci\u00f3n, el seguimiento y las labores de correcci\u00f3n y reparaci\u00f3n necesarias en las instalaciones de nuestros clientes. Establecemos el umbral de atenci\u00f3n y disponibilidad en base a [&hellip;]\" \/>\n<meta property=\"og:url\" content=\"https:\/\/instalecnorte.com\/eus\/mantenimientos\/\" \/>\n<meta property=\"og:site_name\" content=\"Instalec Norte S.L\" \/>\n<meta property=\"article:modified_time\" content=\"2024-01-10T16:52:16+00:00\" \/>\n<meta property=\"og:image\" content=\"https:\/\/instalecnorte.com\/wp-content\/uploads\/2024\/01\/ventajas-mantenimiento-preventivo-pampols_-e1704198682951-768x461.png\" \/>\n<meta name=\"twitter:card\" content=\"summary_large_image\" \/>\n<meta name=\"twitter:label1\" content=\"Est. reading time\" \/>\n\t<meta name=\"twitter:data1\" content=\"1 minutua\" \/>\n<script type=\"application\/ld+json\" class=\"yoast-schema-graph\">{\"@context\":\"https:\\\/\\\/schema.org\",\"@graph\":[{\"@type\":\"WebPage\",\"@id\":\"https:\\\/\\\/instalecnorte.com\\\/mantenimientos\\\/\",\"url\":\"https:\\\/\\\/instalecnorte.com\\\/mantenimientos\\\/\",\"name\":\"Mantenimientos - Instalec Norte S.L\",\"isPartOf\":{\"@id\":\"https:\\\/\\\/instalecnorte.com\\\/#website\"},\"primaryImageOfPage\":{\"@id\":\"https:\\\/\\\/instalecnorte.com\\\/mantenimientos\\\/#primaryimage\"},\"image\":{\"@id\":\"https:\\\/\\\/instalecnorte.com\\\/mantenimientos\\\/#primaryimage\"},\"thumbnailUrl\":\"https:\\\/\\\/instalecnorte.com\\\/wp-content\\\/uploads\\\/2024\\\/01\\\/ventajas-mantenimiento-preventivo-pampols_-e1704198682951-768x461.png\",\"datePublished\":\"2023-12-29T17:06:29+00:00\",\"dateModified\":\"2024-01-10T16:52:16+00:00\",\"breadcrumb\":{\"@id\":\"https:\\\/\\\/instalecnorte.com\\\/mantenimientos\\\/#breadcrumb\"},\"inLanguage\":\"eu\",\"potentialAction\":[{\"@type\":\"ReadAction\",\"target\":[\"https:\\\/\\\/instalecnorte.com\\\/mantenimientos\\\/\"]}]},{\"@type\":\"ImageObject\",\"inLanguage\":\"eu\",\"@id\":\"https:\\\/\\\/instalecnorte.com\\\/mantenimientos\\\/#primaryimage\",\"url\":\"https:\\\/\\\/instalecnorte.com\\\/wp-content\\\/uploads\\\/2024\\\/01\\\/ventajas-mantenimiento-preventivo-pampols_-e1704198682951-768x461.png\",\"contentUrl\":\"https:\\\/\\\/instalecnorte.com\\\/wp-content\\\/uploads\\\/2024\\\/01\\\/ventajas-mantenimiento-preventivo-pampols_-e1704198682951-768x461.png\"},{\"@type\":\"BreadcrumbList\",\"@id\":\"https:\\\/\\\/instalecnorte.com\\\/mantenimientos\\\/#breadcrumb\",\"itemListElement\":[{\"@type\":\"ListItem\",\"position\":1,\"name\":\"Portada\",\"item\":\"https:\\\/\\\/instalecnorte.com\\\/\"},{\"@type\":\"ListItem\",\"position\":2,\"name\":\"Mantenimientos\"}]},{\"@type\":\"WebSite\",\"@id\":\"https:\\\/\\\/instalecnorte.com\\\/#website\",\"url\":\"https:\\\/\\\/instalecnorte.com\\\/\",\"name\":\"Instalec Norte S.L\",\"description\":\"Instalaciones profesionales de electricidad\",\"potentialAction\":[{\"@type\":\"SearchAction\",\"target\":{\"@type\":\"EntryPoint\",\"urlTemplate\":\"https:\\\/\\\/instalecnorte.com\\\/?s={search_term_string}\"},\"query-input\":{\"@type\":\"PropertyValueSpecification\",\"valueRequired\":true,\"valueName\":\"search_term_string\"}}],\"inLanguage\":\"eu\"}]}<\/script>\n<!-- \/ Yoast SEO plugin. -->","yoast_head_json":{"title":"Mantenimientos - Instalec Norte S.L","robots":{"index":"index","follow":"follow","max-snippet":"max-snippet:-1","max-image-preview":"max-image-preview:large","max-video-preview":"max-video-preview:-1"},"canonical":"https:\/\/instalecnorte.com\/eus\/mantenimientos\/","og_locale":"en_US","og_type":"article","og_title":"Mantenimientos - Instalec Norte S.L","og_description":"MANTENIMIENTOS NOS ASEGURAMOS DE QUE TODO FUNCIONE, ESCOGE EL MANTENIMIENTO QUE M\u00c1S SE AJUSTE A TUS NECESIDADES Mantenimientos preventivos Integramos en nuestra rutina semanal, quincenal o mensual la monitorizaci\u00f3n, el seguimiento y las labores de correcci\u00f3n y reparaci\u00f3n necesarias en las instalaciones de nuestros clientes. Establecemos el umbral de atenci\u00f3n y disponibilidad en base a [&hellip;]","og_url":"https:\/\/instalecnorte.com\/eus\/mantenimientos\/","og_site_name":"Instalec Norte S.L","article_modified_time":"2024-01-10T16:52:16+00:00","og_image":[{"url":"https:\/\/instalecnorte.com\/wp-content\/uploads\/2024\/01\/ventajas-mantenimiento-preventivo-pampols_-e1704198682951-768x461.png","type":"","width":"","height":""}],"twitter_card":"summary_large_image","twitter_misc":{"Est. reading time":"1 minutua"},"schema":{"@context":"https:\/\/schema.org","@graph":[{"@type":"WebPage","@id":"https:\/\/instalecnorte.com\/mantenimientos\/","url":"https:\/\/instalecnorte.com\/mantenimientos\/","name":"Mantenimientos - Instalec Norte S.L","isPartOf":{"@id":"https:\/\/instalecnorte.com\/#website"},"primaryImageOfPage":{"@id":"https:\/\/instalecnorte.com\/mantenimientos\/#primaryimage"},"image":{"@id":"https:\/\/instalecnorte.com\/mantenimientos\/#primaryimage"},"thumbnailUrl":"https:\/\/instalecnorte.com\/wp-content\/uploads\/2024\/01\/ventajas-mantenimiento-preventivo-pampols_-e1704198682951-768x461.png","datePublished":"2023-12-29T17:06:29+00:00","dateModified":"2024-01-10T16:52:16+00:00","breadcrumb":{"@id":"https:\/\/instalecnorte.com\/mantenimientos\/#breadcrumb"},"inLanguage":"eu","potentialAction":[{"@type":"ReadAction","target":["https:\/\/instalecnorte.com\/mantenimientos\/"]}]},{"@type":"ImageObject","inLanguage":"eu","@id":"https:\/\/instalecnorte.com\/mantenimientos\/#primaryimage","url":"https:\/\/instalecnorte.com\/wp-content\/uploads\/2024\/01\/ventajas-mantenimiento-preventivo-pampols_-e1704198682951-768x461.png","contentUrl":"https:\/\/instalecnorte.com\/wp-content\/uploads\/2024\/01\/ventajas-mantenimiento-preventivo-pampols_-e1704198682951-768x461.png"},{"@type":"BreadcrumbList","@id":"https:\/\/instalecnorte.com\/mantenimientos\/#breadcrumb","itemListElement":[{"@type":"ListItem","position":1,"name":"Portada","item":"https:\/\/instalecnorte.com\/"},{"@type":"ListItem","position":2,"name":"Mantenimientos"}]},{"@type":"WebSite","@id":"https:\/\/instalecnorte.com\/#website","url":"https:\/\/instalecnorte.com\/","name":"Instalec Norte S.L","description":"Instalaciones profesionales de electricidad","potentialAction":[{"@type":"SearchAction","target":{"@type":"EntryPoint","urlTemplate":"https:\/\/instalecnorte.com\/?s={search_term_string}"},"query-input":{"@type":"PropertyValueSpecification","valueRequired":true,"valueName":"search_term_string"}}],"inLanguage":"eu"}]}},"_links":{"self":[{"href":"https:\/\/instalecnorte.com\/eus\/wp-json\/wp\/v2\/pages\/14","targetHints":{"allow":["GET"]}}],"collection":[{"href":"https:\/\/instalecnorte.com\/eus\/wp-json\/wp\/v2\/pages"}],"about":[{"href":"https:\/\/instalecnorte.com\/eus\/wp-json\/wp\/v2\/types\/page"}],"author":[{"embeddable":true,"href":"https:\/\/instalecnorte.com\/eus\/wp-json\/wp\/v2\/users\/1"}],"replies":[{"embeddable":true,"href":"https:\/\/instalecnorte.com\/eus\/wp-json\/wp\/v2\/comments?post=14"}],"version-history":[{"count":124,"href":"https:\/\/instalecnorte.com\/eus\/wp-json\/wp\/v2\/pages\/14\/revisions"}],"predecessor-version":[{"id":1026,"href":"https:\/\/instalecnorte.com\/eus\/wp-json\/wp\/v2\/pages\/14\/revisions\/1026"}],"wp:attachment":[{"href":"https:\/\/instalecnorte.com\/eus\/wp-json\/wp\/v2\/media?parent=14"}],"curies":[{"name":"wp","href":"https:\/\/api.w.org\/{rel}","templated":true}]}}