{"id":15,"date":"2023-12-29T17:07:03","date_gmt":"2023-12-29T17:07:03","guid":{"rendered":"https:\/\/web4.rkinformatika.net\/instalecnorte\/?page_id=15"},"modified":"2024-01-16T08:22:33","modified_gmt":"2024-01-16T08:22:33","slug":"analizamos","status":"publish","type":"page","link":"https:\/\/instalecnorte.com\/eus\/analizamos\/","title":{"rendered":"Aztertzen dugu"},"content":{"rendered":"<div data-elementor-type=\"wp-page\" data-elementor-id=\"15\" class=\"elementor elementor-15\" data-elementor-post-type=\"page\">\n\t\t\t\t\t\t<section class=\"elementor-section elementor-top-section elementor-element elementor-element-d5a1616 elementor-section-boxed elementor-section-height-default elementor-section-height-default\" data-id=\"d5a1616\" data-element_type=\"section\" data-e-type=\"section\" data-settings=\"{&quot;background_background&quot;:&quot;classic&quot;}\">\n\t\t\t\t\t\t\t<div class=\"elementor-background-overlay\"><\/div>\n\t\t\t\t\t\t\t<div class=\"elementor-container elementor-column-gap-default\">\n\t\t\t\t\t<div class=\"elementor-column elementor-col-100 elementor-top-column elementor-element elementor-element-dbe0688\" data-id=\"dbe0688\" data-element_type=\"column\" data-e-type=\"column\">\n\t\t\t<div class=\"elementor-widget-wrap elementor-element-populated\">\n\t\t\t\t\t\t<div class=\"elementor-element elementor-element-44d4f21 elementor-widget elementor-widget-heading\" data-id=\"44d4f21\" data-element_type=\"widget\" data-e-type=\"widget\" data-widget_type=\"heading.default\">\n\t\t\t\t<div class=\"elementor-widget-container\">\n\t\t\t\t\t<h2 class=\"elementor-heading-title elementor-size-default\">ANALIZAMOS<\/h2>\t\t\t\t<\/div>\n\t\t\t\t<\/div>\n\t\t\t\t<div class=\"elementor-element elementor-element-a066806 elementor-widget elementor-widget-text-editor\" data-id=\"a066806\" data-element_type=\"widget\" data-e-type=\"widget\" data-widget_type=\"text-editor.default\">\n\t\t\t\t<div class=\"elementor-widget-container\">\n\t\t\t\t\t\t\t\t\t<p><b>ESTUDIOS DE EFICIENCIA ENERG\u00c9TICA Y OPTIMIZAMOS LAS INSTALACIONES ACTUALES Y FUTURAS<\/b><\/p>\t\t\t\t\t\t\t\t<\/div>\n\t\t\t\t<\/div>\n\t\t\t\t\t<\/div>\n\t\t<\/div>\n\t\t\t\t\t<\/div>\n\t\t<\/section>\n\t\t<div class=\"elementor-element elementor-element-fdc6b55 e-flex e-con-boxed e-con e-parent\" data-id=\"fdc6b55\" data-element_type=\"container\" data-e-type=\"container\" data-settings=\"{&quot;background_background&quot;:&quot;classic&quot;}\">\n\t\t\t\t\t<div class=\"e-con-inner\">\n\t\t\t\t<div class=\"elementor-element elementor-element-c1f2cdf elementor-widget elementor-widget-text-editor\" data-id=\"c1f2cdf\" data-element_type=\"widget\" data-e-type=\"widget\" data-widget_type=\"text-editor.default\">\n\t\t\t\t<div class=\"elementor-widget-container\">\n\t\t\t\t\t\t\t\t\t<p>En nuestra empresa creemos en promover pr\u00e1cticas sostenibles y conscientes del medio ambiente. Por eso, ofrecemos una gama de servicios para ayudar a nuestros clientes a reducir su consumo de energ\u00eda y aumentar su eficiencia.<\/p>\t\t\t\t\t\t\t\t<\/div>\n\t\t\t\t<\/div>\n\t\t\t\t\t<\/div>\n\t\t\t\t<\/div>\n\t\t<div class=\"elementor-element elementor-element-dd983a8 e-flex e-con-boxed e-con e-parent\" data-id=\"dd983a8\" data-element_type=\"container\" data-e-type=\"container\">\n\t\t\t\t\t<div class=\"e-con-inner\">\n\t\t<div class=\"elementor-element elementor-element-f302461 e-con-full e-flex e-con e-child\" data-id=\"f302461\" data-element_type=\"container\" data-e-type=\"container\">\n\t\t<div class=\"elementor-element elementor-element-22cd82d e-con-full e-flex e-con e-child\" data-id=\"22cd82d\" data-element_type=\"container\" data-e-type=\"container\">\n\t\t\t\t<div class=\"elementor-element elementor-element-9f39752 elementor-widget elementor-widget-heading\" data-id=\"9f39752\" data-element_type=\"widget\" data-e-type=\"widget\" data-widget_type=\"heading.default\">\n\t\t\t\t<div class=\"elementor-widget-container\">\n\t\t\t\t\t<h2 class=\"elementor-heading-title elementor-size-default\">ECO-SOSTENIBILIDAD<\/h2>\t\t\t\t<\/div>\n\t\t\t\t<\/div>\n\t\t\t\t<div class=\"elementor-element elementor-element-5c1b3c1 elementor-widget elementor-widget-text-editor\" data-id=\"5c1b3c1\" data-element_type=\"widget\" data-e-type=\"widget\" data-widget_type=\"text-editor.default\">\n\t\t\t\t<div class=\"elementor-widget-container\">\n\t\t\t\t\t\t\t\t\t<div data-hveid=\"CB4QAQ\"><div class=\"dnXCYb\" tabindex=\"0\" role=\"button\" aria-controls=\"_b9CTZa-MBM6JkdUPg-SRUA_34\" aria-expanded=\"true\"><div class=\"JlqpRe\"><strong><span class=\"JCzEY ZwRhJd\"><span class=\"CSkcDe\">\u00bfQu\u00e9 significa la eficiencia energ\u00e9tica para la sostenibilidad?<\/span><\/span><\/strong><\/div><div class=\"L3Ezfd\" data-ved=\"2ahUKEwjv_8q5q76DAxXORKQEHQNyBAoQuk56BAgeEAI\">\u00a0<\/div><\/div><\/div><div id=\"_b9CTZa-MBM6JkdUPg-SRUA_34\" class=\"bCOlv\" data-ved=\"2ahUKEwjv_8q5q76DAxXORKQEHQNyBAoQ7NUEegQIHhAE\"><div class=\"IZE3Td\"><div class=\"t0bRye r2fjmd\" data-hveid=\"CB4QBQ\" data-ved=\"2ahUKEwjv_8q5q76DAxXORKQEHQNyBAoQu04oAHoECB4QBQ\"><div id=\"b9CTZa-MBM6JkdUPg-SRUA__21\"><div class=\"wDYxhc\" data-md=\"61\"><div class=\"LGOjhe\" role=\"heading\" data-attrid=\"wa:\/description\" aria-level=\"3\" data-hveid=\"CCgQAA\"><span class=\"ILfuVd\" lang=\"es\"><span class=\"hgKElc\">La eficiencia energ\u00e9tica es imprescindible para conseguir reducir el consumo de energ\u00eda sin que ello conlleve perder prestaciones y confort. Adem\u00e1s, gracias a ella conseguimos ser m\u00e1s sostenibles porque\u00a0reducimos las emisiones de CO<sub>2<\/sub>\u00a0y resto de gases de efecto invernadero a la atm\u00f3sfera.<\/span><\/span><\/div><\/div><\/div><\/div><\/div><\/div>\t\t\t\t\t\t\t\t<\/div>\n\t\t\t\t<\/div>\n\t\t\t\t<\/div>\n\t\t\t\t<\/div>\n\t\t\t\t<div class=\"elementor-element elementor-element-56945a3 elementor-widget-tablet__width-initial elementor-widget elementor-widget-image\" data-id=\"56945a3\" data-element_type=\"widget\" data-e-type=\"widget\" data-widget_type=\"image.default\">\n\t\t\t\t<div class=\"elementor-widget-container\">\n\t\t\t\t\t\t\t\t\t\t\t\t\t\t\t<img fetchpriority=\"high\" decoding=\"async\" width=\"561\" height=\"306\" src=\"https:\/\/instalecnorte.com\/wp-content\/uploads\/2024\/01\/Captura-desde-2024-01-02-09-58-19.png\" class=\"attachment-large size-large wp-image-201\" alt=\"\" srcset=\"https:\/\/instalecnorte.com\/wp-content\/uploads\/2024\/01\/Captura-desde-2024-01-02-09-58-19.png 561w, https:\/\/instalecnorte.com\/wp-content\/uploads\/2024\/01\/Captura-desde-2024-01-02-09-58-19-300x164.png 300w, https:\/\/instalecnorte.com\/wp-content\/uploads\/2024\/01\/Captura-desde-2024-01-02-09-58-19-18x10.png 18w\" sizes=\"(max-width: 561px) 100vw, 561px\" \/>\t\t\t\t\t\t\t\t\t\t\t\t\t\t\t<\/div>\n\t\t\t\t<\/div>\n\t\t\t\t\t<\/div>\n\t\t\t\t<\/div>\n\t\t<div class=\"elementor-element elementor-element-bded9fa e-flex e-con-boxed e-con e-parent\" data-id=\"bded9fa\" data-element_type=\"container\" data-e-type=\"container\">\n\t\t\t\t\t<div class=\"e-con-inner\">\n\t\t<div class=\"elementor-element elementor-element-179c5bd e-con-full e-flex e-con e-child\" data-id=\"179c5bd\" data-element_type=\"container\" data-e-type=\"container\">\n\t\t\t\t<div class=\"elementor-element elementor-element-fd92683 elementor-widget elementor-widget-heading\" data-id=\"fd92683\" data-element_type=\"widget\" data-e-type=\"widget\" data-widget_type=\"heading.default\">\n\t\t\t\t<div class=\"elementor-widget-container\">\n\t\t\t\t\t<h2 class=\"elementor-heading-title elementor-size-default\">AHORRO DE COSTES TCO <\/h2>\t\t\t\t<\/div>\n\t\t\t\t<\/div>\n\t\t\t\t<div class=\"elementor-element elementor-element-6d2eaac elementor-widget elementor-widget-text-editor\" data-id=\"6d2eaac\" data-element_type=\"widget\" data-e-type=\"widget\" data-widget_type=\"text-editor.default\">\n\t\t\t\t<div class=\"elementor-widget-container\">\n\t\t\t\t\t\t\t\t\t<p><strong>\u00bfQu\u00e9 es el Coste Total de Propiedad\u00a0(TCO)?\u00a0<\/strong><\/p><p>A lo largo de la vida del filtro, el coste se suele dividir de la siguiente manera:<br \/>\u2022\u00a070% relacionado con el coste energ\u00e9tico,<br \/>\u2022\u00a015% al coste de compra o adquisici\u00f3n,\u00a0<br \/>\u2022\u00a013% coste de reemplazo del filtro y 2% coste del reciclaje.<\/p><p>Por lo tanto, es una parte natural de nuestro trabajo realizar todo el esfuerzo en minimizar el consumo energ\u00e9tico, as\u00ed como simplificar las instalaciones para reciclar o reutilizar nuestros productos.<\/p>\t\t\t\t\t\t\t\t<\/div>\n\t\t\t\t<\/div>\n\t\t\t\t<\/div>\n\t\t<div class=\"elementor-element elementor-element-8529a65 e-con-full e-flex e-con e-child\" data-id=\"8529a65\" data-element_type=\"container\" data-e-type=\"container\">\n\t\t\t\t<div class=\"elementor-element elementor-element-4ed816a elementor-widget elementor-widget-image\" data-id=\"4ed816a\" data-element_type=\"widget\" data-e-type=\"widget\" data-widget_type=\"image.default\">\n\t\t\t\t<div class=\"elementor-widget-container\">\n\t\t\t\t\t\t\t\t\t\t\t\t\t\t\t<img decoding=\"async\" width=\"561\" height=\"306\" src=\"https:\/\/instalecnorte.com\/wp-content\/uploads\/2024\/01\/Captura-desde-2024-01-02-09-49-54.png\" class=\"attachment-large size-large wp-image-192\" alt=\"\" srcset=\"https:\/\/instalecnorte.com\/wp-content\/uploads\/2024\/01\/Captura-desde-2024-01-02-09-49-54.png 561w, https:\/\/instalecnorte.com\/wp-content\/uploads\/2024\/01\/Captura-desde-2024-01-02-09-49-54-300x164.png 300w, https:\/\/instalecnorte.com\/wp-content\/uploads\/2024\/01\/Captura-desde-2024-01-02-09-49-54-18x10.png 18w\" sizes=\"(max-width: 561px) 100vw, 561px\" \/>\t\t\t\t\t\t\t\t\t\t\t\t\t\t\t<\/div>\n\t\t\t\t<\/div>\n\t\t\t\t<\/div>\n\t\t\t\t\t<\/div>\n\t\t\t\t<\/div>\n\t\t<div class=\"elementor-element elementor-element-334b7cc e-flex e-con-boxed e-con e-parent\" data-id=\"334b7cc\" data-element_type=\"container\" data-e-type=\"container\">\n\t\t\t\t\t<div class=\"e-con-inner\">\n\t\t<div class=\"elementor-element elementor-element-100ad3c e-con-full e-flex e-con e-child\" data-id=\"100ad3c\" data-element_type=\"container\" data-e-type=\"container\">\n\t\t\t\t<div class=\"elementor-element elementor-element-d8e8ff0 elementor-widget elementor-widget-heading\" data-id=\"d8e8ff0\" data-element_type=\"widget\" data-e-type=\"widget\" data-widget_type=\"heading.default\">\n\t\t\t\t<div class=\"elementor-widget-container\">\n\t\t\t\t\t<h2 class=\"elementor-heading-title elementor-size-default\">SEGURIDAD<\/h2>\t\t\t\t<\/div>\n\t\t\t\t<\/div>\n\t\t\t\t<div class=\"elementor-element elementor-element-1f0ca5e elementor-widget elementor-widget-text-editor\" data-id=\"1f0ca5e\" data-element_type=\"widget\" data-e-type=\"widget\" data-widget_type=\"text-editor.default\">\n\t\t\t\t<div class=\"elementor-widget-container\">\n\t\t\t\t\t\t\t\t\t<div data-hveid=\"CB4QAQ\"><div class=\"dnXCYb\" tabindex=\"0\" role=\"button\" aria-controls=\"_EM-TZce5HuaF7M8P9vivqAk_40\" aria-expanded=\"true\"><div class=\"JlqpRe\"><strong><span class=\"JCzEY ZwRhJd\"><span class=\"CSkcDe\">\u00bfQue se entiende por seguridad energ\u00e9tica?<\/span><\/span><\/strong><\/div><div>\u00a0<\/div><\/div><\/div><div id=\"_EM-TZce5HuaF7M8P9vivqAk_40\" class=\"bCOlv\" data-ved=\"2ahUKEwjHgbaSqr6DAxXmAvsDHXb8C5UQ7NUEegQIHhAE\"><div class=\"IZE3Td\"><div class=\"t0bRye r2fjmd\" data-hveid=\"CB4QBQ\" data-ved=\"2ahUKEwjHgbaSqr6DAxXmAvsDHXb8C5UQu04oAHoECB4QBQ\"><div id=\"EM-TZce5HuaF7M8P9vivqAk__25\"><div class=\"wDYxhc\" data-md=\"61\"><div class=\"LGOjhe\" role=\"heading\" data-attrid=\"wa:\/description\" aria-level=\"3\" data-hveid=\"CB0QAA\"><span class=\"ILfuVd\" lang=\"es\"><span class=\"hgKElc\">La\u00a0seguridad energ\u00e9tica\u00a0nacional\u00a0se concibe como la acci\u00f3n del Estado orientada a garantizar el suministro de energ\u00eda de manera sostenible medioambiental y econ\u00f3micamente, a trav\u00e9s del abastecimiento exterior y la generaci\u00f3n de fuentes aut\u00f3ctonas, en el marco de los compromisos internacionales.<\/span><\/span><\/div><\/div><\/div><\/div><\/div><\/div>\t\t\t\t\t\t\t\t<\/div>\n\t\t\t\t<\/div>\n\t\t\t\t<\/div>\n\t\t<div class=\"elementor-element elementor-element-c076c8c e-con-full e-flex e-con e-child\" data-id=\"c076c8c\" data-element_type=\"container\" data-e-type=\"container\">\n\t\t\t\t<div class=\"elementor-element elementor-element-cbda046 elementor-widget elementor-widget-image\" data-id=\"cbda046\" data-element_type=\"widget\" data-e-type=\"widget\" data-widget_type=\"image.default\">\n\t\t\t\t<div class=\"elementor-widget-container\">\n\t\t\t\t\t\t\t\t\t\t\t\t\t\t\t<img decoding=\"async\" width=\"504\" height=\"305\" src=\"https:\/\/instalecnorte.com\/wp-content\/uploads\/2024\/01\/Captura-desde-2024-01-02-09-56-42-e1704190485402.png\" class=\"attachment-large size-large wp-image-197\" alt=\"\" srcset=\"https:\/\/instalecnorte.com\/wp-content\/uploads\/2024\/01\/Captura-desde-2024-01-02-09-56-42-e1704190485402.png 504w, https:\/\/instalecnorte.com\/wp-content\/uploads\/2024\/01\/Captura-desde-2024-01-02-09-56-42-e1704190485402-300x182.png 300w, https:\/\/instalecnorte.com\/wp-content\/uploads\/2024\/01\/Captura-desde-2024-01-02-09-56-42-e1704190485402-18x12.png 18w\" sizes=\"(max-width: 504px) 100vw, 504px\" \/>\t\t\t\t\t\t\t\t\t\t\t\t\t\t\t<\/div>\n\t\t\t\t<\/div>\n\t\t\t\t<\/div>\n\t\t\t\t\t<\/div>\n\t\t\t\t<\/div>\n\t\t\t\t<\/div>","protected":false},"excerpt":{"rendered":"<p>ANALIZAMOS ESTUDIOS DE EFICIENCIA ENERG\u00c9TICA Y OPTIMIZAMOS LAS INSTALACIONES ACTUALES Y FUTURAS En nuestra empresa creemos en promover pr\u00e1cticas sostenibles y conscientes del medio ambiente. Por eso, ofrecemos una gama de servicios para ayudar a nuestros clientes a reducir su consumo de energ\u00eda y aumentar su eficiencia. ECO-SOSTENIBILIDAD \u00bfQu\u00e9 significa la eficiencia energ\u00e9tica para la [&hellip;]<\/p>\n","protected":false},"author":1,"featured_media":0,"parent":0,"menu_order":0,"comment_status":"closed","ping_status":"closed","template":"elementor_canvas","meta":{"footnotes":""},"class_list":["post-15","page","type-page","status-publish","hentry"],"yoast_head":"<!-- This site is optimized with the Yoast SEO plugin v27.5 - https:\/\/yoast.com\/product\/yoast-seo-wordpress\/ -->\n<title>Analizamos - Instalec Norte S.L<\/title>\n<meta name=\"robots\" content=\"index, follow, max-snippet:-1, max-image-preview:large, max-video-preview:-1\" \/>\n<link rel=\"canonical\" href=\"https:\/\/instalecnorte.com\/eus\/analizamos\/\" \/>\n<meta property=\"og:locale\" content=\"en_US\" \/>\n<meta property=\"og:type\" content=\"article\" \/>\n<meta property=\"og:title\" content=\"Analizamos - Instalec Norte S.L\" \/>\n<meta property=\"og:description\" content=\"ANALIZAMOS ESTUDIOS DE EFICIENCIA ENERG\u00c9TICA Y OPTIMIZAMOS LAS INSTALACIONES ACTUALES Y FUTURAS En nuestra empresa creemos en promover pr\u00e1cticas sostenibles y conscientes del medio ambiente. Por eso, ofrecemos una gama de servicios para ayudar a nuestros clientes a reducir su consumo de energ\u00eda y aumentar su eficiencia. ECO-SOSTENIBILIDAD \u00bfQu\u00e9 significa la eficiencia energ\u00e9tica para la [&hellip;]\" \/>\n<meta property=\"og:url\" content=\"https:\/\/instalecnorte.com\/eus\/analizamos\/\" \/>\n<meta property=\"og:site_name\" content=\"Instalec Norte S.L\" \/>\n<meta property=\"article:modified_time\" content=\"2024-01-16T08:22:33+00:00\" \/>\n<meta property=\"og:image\" content=\"https:\/\/instalecnorte.com\/wp-content\/uploads\/2024\/01\/Captura-desde-2024-01-02-09-58-19.png\" \/>\n<meta name=\"twitter:card\" content=\"summary_large_image\" \/>\n<meta name=\"twitter:label1\" content=\"Est. reading time\" \/>\n\t<meta name=\"twitter:data1\" content=\"2 minutua\" \/>\n<script type=\"application\/ld+json\" class=\"yoast-schema-graph\">{\"@context\":\"https:\\\/\\\/schema.org\",\"@graph\":[{\"@type\":\"WebPage\",\"@id\":\"https:\\\/\\\/instalecnorte.com\\\/analizamos\\\/\",\"url\":\"https:\\\/\\\/instalecnorte.com\\\/analizamos\\\/\",\"name\":\"Analizamos - Instalec Norte S.L\",\"isPartOf\":{\"@id\":\"https:\\\/\\\/instalecnorte.com\\\/#website\"},\"primaryImageOfPage\":{\"@id\":\"https:\\\/\\\/instalecnorte.com\\\/analizamos\\\/#primaryimage\"},\"image\":{\"@id\":\"https:\\\/\\\/instalecnorte.com\\\/analizamos\\\/#primaryimage\"},\"thumbnailUrl\":\"https:\\\/\\\/instalecnorte.com\\\/wp-content\\\/uploads\\\/2024\\\/01\\\/Captura-desde-2024-01-02-09-58-19.png\",\"datePublished\":\"2023-12-29T17:07:03+00:00\",\"dateModified\":\"2024-01-16T08:22:33+00:00\",\"breadcrumb\":{\"@id\":\"https:\\\/\\\/instalecnorte.com\\\/analizamos\\\/#breadcrumb\"},\"inLanguage\":\"eu\",\"potentialAction\":[{\"@type\":\"ReadAction\",\"target\":[\"https:\\\/\\\/instalecnorte.com\\\/analizamos\\\/\"]}]},{\"@type\":\"ImageObject\",\"inLanguage\":\"eu\",\"@id\":\"https:\\\/\\\/instalecnorte.com\\\/analizamos\\\/#primaryimage\",\"url\":\"https:\\\/\\\/instalecnorte.com\\\/wp-content\\\/uploads\\\/2024\\\/01\\\/Captura-desde-2024-01-02-09-58-19.png\",\"contentUrl\":\"https:\\\/\\\/instalecnorte.com\\\/wp-content\\\/uploads\\\/2024\\\/01\\\/Captura-desde-2024-01-02-09-58-19.png\"},{\"@type\":\"BreadcrumbList\",\"@id\":\"https:\\\/\\\/instalecnorte.com\\\/analizamos\\\/#breadcrumb\",\"itemListElement\":[{\"@type\":\"ListItem\",\"position\":1,\"name\":\"Portada\",\"item\":\"https:\\\/\\\/instalecnorte.com\\\/\"},{\"@type\":\"ListItem\",\"position\":2,\"name\":\"Analizamos\"}]},{\"@type\":\"WebSite\",\"@id\":\"https:\\\/\\\/instalecnorte.com\\\/#website\",\"url\":\"https:\\\/\\\/instalecnorte.com\\\/\",\"name\":\"Instalec Norte S.L\",\"description\":\"Instalaciones profesionales de electricidad\",\"potentialAction\":[{\"@type\":\"SearchAction\",\"target\":{\"@type\":\"EntryPoint\",\"urlTemplate\":\"https:\\\/\\\/instalecnorte.com\\\/?s={search_term_string}\"},\"query-input\":{\"@type\":\"PropertyValueSpecification\",\"valueRequired\":true,\"valueName\":\"search_term_string\"}}],\"inLanguage\":\"eu\"}]}<\/script>\n<!-- \/ Yoast SEO plugin. -->","yoast_head_json":{"title":"Analizamos - Instalec Norte S.L","robots":{"index":"index","follow":"follow","max-snippet":"max-snippet:-1","max-image-preview":"max-image-preview:large","max-video-preview":"max-video-preview:-1"},"canonical":"https:\/\/instalecnorte.com\/eus\/analizamos\/","og_locale":"en_US","og_type":"article","og_title":"Analizamos - Instalec Norte S.L","og_description":"ANALIZAMOS ESTUDIOS DE EFICIENCIA ENERG\u00c9TICA Y OPTIMIZAMOS LAS INSTALACIONES ACTUALES Y FUTURAS En nuestra empresa creemos en promover pr\u00e1cticas sostenibles y conscientes del medio ambiente. Por eso, ofrecemos una gama de servicios para ayudar a nuestros clientes a reducir su consumo de energ\u00eda y aumentar su eficiencia. ECO-SOSTENIBILIDAD \u00bfQu\u00e9 significa la eficiencia energ\u00e9tica para la [&hellip;]","og_url":"https:\/\/instalecnorte.com\/eus\/analizamos\/","og_site_name":"Instalec Norte S.L","article_modified_time":"2024-01-16T08:22:33+00:00","og_image":[{"url":"https:\/\/instalecnorte.com\/wp-content\/uploads\/2024\/01\/Captura-desde-2024-01-02-09-58-19.png","type":"","width":"","height":""}],"twitter_card":"summary_large_image","twitter_misc":{"Est. reading time":"2 minutua"},"schema":{"@context":"https:\/\/schema.org","@graph":[{"@type":"WebPage","@id":"https:\/\/instalecnorte.com\/analizamos\/","url":"https:\/\/instalecnorte.com\/analizamos\/","name":"Analizamos - Instalec Norte S.L","isPartOf":{"@id":"https:\/\/instalecnorte.com\/#website"},"primaryImageOfPage":{"@id":"https:\/\/instalecnorte.com\/analizamos\/#primaryimage"},"image":{"@id":"https:\/\/instalecnorte.com\/analizamos\/#primaryimage"},"thumbnailUrl":"https:\/\/instalecnorte.com\/wp-content\/uploads\/2024\/01\/Captura-desde-2024-01-02-09-58-19.png","datePublished":"2023-12-29T17:07:03+00:00","dateModified":"2024-01-16T08:22:33+00:00","breadcrumb":{"@id":"https:\/\/instalecnorte.com\/analizamos\/#breadcrumb"},"inLanguage":"eu","potentialAction":[{"@type":"ReadAction","target":["https:\/\/instalecnorte.com\/analizamos\/"]}]},{"@type":"ImageObject","inLanguage":"eu","@id":"https:\/\/instalecnorte.com\/analizamos\/#primaryimage","url":"https:\/\/instalecnorte.com\/wp-content\/uploads\/2024\/01\/Captura-desde-2024-01-02-09-58-19.png","contentUrl":"https:\/\/instalecnorte.com\/wp-content\/uploads\/2024\/01\/Captura-desde-2024-01-02-09-58-19.png"},{"@type":"BreadcrumbList","@id":"https:\/\/instalecnorte.com\/analizamos\/#breadcrumb","itemListElement":[{"@type":"ListItem","position":1,"name":"Portada","item":"https:\/\/instalecnorte.com\/"},{"@type":"ListItem","position":2,"name":"Analizamos"}]},{"@type":"WebSite","@id":"https:\/\/instalecnorte.com\/#website","url":"https:\/\/instalecnorte.com\/","name":"Instalec Norte S.L","description":"Instalaciones profesionales de electricidad","potentialAction":[{"@type":"SearchAction","target":{"@type":"EntryPoint","urlTemplate":"https:\/\/instalecnorte.com\/?s={search_term_string}"},"query-input":{"@type":"PropertyValueSpecification","valueRequired":true,"valueName":"search_term_string"}}],"inLanguage":"eu"}]}},"_links":{"self":[{"href":"https:\/\/instalecnorte.com\/eus\/wp-json\/wp\/v2\/pages\/15","targetHints":{"allow":["GET"]}}],"collection":[{"href":"https:\/\/instalecnorte.com\/eus\/wp-json\/wp\/v2\/pages"}],"about":[{"href":"https:\/\/instalecnorte.com\/eus\/wp-json\/wp\/v2\/types\/page"}],"author":[{"embeddable":true,"href":"https:\/\/instalecnorte.com\/eus\/wp-json\/wp\/v2\/users\/1"}],"replies":[{"embeddable":true,"href":"https:\/\/instalecnorte.com\/eus\/wp-json\/wp\/v2\/comments?post=15"}],"version-history":[{"count":184,"href":"https:\/\/instalecnorte.com\/eus\/wp-json\/wp\/v2\/pages\/15\/revisions"}],"predecessor-version":[{"id":1111,"href":"https:\/\/instalecnorte.com\/eus\/wp-json\/wp\/v2\/pages\/15\/revisions\/1111"}],"wp:attachment":[{"href":"https:\/\/instalecnorte.com\/eus\/wp-json\/wp\/v2\/media?parent=15"}],"curies":[{"name":"wp","href":"https:\/\/api.w.org\/{rel}","templated":true}]}}